{"id":1600,"date":"2023-03-21T11:01:57","date_gmt":"2023-03-21T10:01:57","guid":{"rendered":"https:\/\/messtechnik-in-bewegung.de\/exhibitors\/staehle\/"},"modified":"2026-02-10T08:47:03","modified_gmt":"2026-02-10T07:47:03","slug":"staehle","status":"publish","type":"page","link":"https:\/\/messtechnik-in-bewegung.de\/en\/exhibitors-2026\/staehle\/","title":{"rendered":"St\u00e4hle GmbH"},"content":{"rendered":"\n<style type=\"text\/css\" data-created_by=\"avia_inline_auto\" id=\"style-css-av-lfi2ujeb-171900523de6fc9712443c6655dcd35a\">\n#top .av-special-heading.av-lfi2ujeb-171900523de6fc9712443c6655dcd35a{\npadding-bottom:10px;\ncolor:#cb1518;\n}\nbody .av-special-heading.av-lfi2ujeb-171900523de6fc9712443c6655dcd35a .av-special-heading-tag .heading-char{\nfont-size:25px;\n}\n.av-special-heading.av-lfi2ujeb-171900523de6fc9712443c6655dcd35a .special-heading-inner-border{\nborder-color:#cb1518;\n}\n.av-special-heading.av-lfi2ujeb-171900523de6fc9712443c6655dcd35a .av-subheading{\nfont-size:15px;\n}\n<\/style>\n<div  class='av-special-heading av-lfi2ujeb-171900523de6fc9712443c6655dcd35a av-special-heading-h1 custom-color-heading blockquote modern-quote  avia-builder-el-0  el_before_av_hr  avia-builder-el-first '><h1 class='av-special-heading-tag'  itemprop=\"headline\"  >St\u00e4hle GmbH<\/h1><div class=\"special-heading-border\"><div class=\"special-heading-inner-border\"><\/div><\/div><\/div>\n\n<style type=\"text\/css\" data-created_by=\"avia_inline_auto\" id=\"style-css-av-66yv9z-5bc67b1f0a4a2728c915ed339c02d9fa\">\n#top .hr.hr-invisible.av-66yv9z-5bc67b1f0a4a2728c915ed339c02d9fa{\nheight:40px;\n}\n<\/style>\n<div  class='hr av-66yv9z-5bc67b1f0a4a2728c915ed339c02d9fa hr-invisible  avia-builder-el-1  el_after_av_heading  el_before_av_textblock '><span class='hr-inner '><span class=\"hr-inner-style\"><\/span><\/span><\/div>\n<section  class='av_textblock_section av-lfi3360j-541df50c56b080b83c58ca9652e46d4e'  itemscope=\"itemscope\" itemtype=\"https:\/\/schema.org\/CreativeWork\" ><div class='avia_textblock'  itemprop=\"text\" ><p>ST\u00c4HLE GmbH is a globally operating company for automotive test systems such as driving robots, steering or actuator systems &amp; switching robots.<\/p>\n<p>From its headquarters in Wimsheim (Baden-W\u00fcrttemberg), St\u00e4hle GmbH supplies automotive manufacturers as well as universities, test laboratories and suppliers worldwide with &#8211; over the years &#8211; more than 1,400 robot systems. The range of applications is broad with emission tests, EV range, acoustics, climate, endurance, EMC, R&amp;D etc. as well as AD, ADAS, NCAP and driving dynamics tests on proving grounds. Furthermore, ST\u00c4HLE systems are also used unmanned &#8211; without safety driver for endurance, bad road or fleet management.<\/p>\n<p>Besides all these applications, ST\u00c4HLE maintains a policy of openness by offering compatibility with equipment of different brands. Their SFPhybrid robot has an innovative design with an installation time in less than 10 minutes and is suitable for any type of vehicle. And on top of that, ST\u00c4HLE solutions allow bridging from test bench testing \/ applications to proving ground testing \/ as well as simulation (SIL, HIL, VIL).<\/p>\n<\/div><\/section>\n<div class='flex_column av-3mf907-0865d3dc1ac9817a5b7a5dbe94251163 av_one_fourth  avia-builder-el-3  el_after_av_textblock  el_before_av_two_fifth  first flex_column_div column-top-margin'     ><style type=\"text\/css\" data-created_by=\"avia_inline_auto\" id=\"style-css-av-lfi33k5k-818b58e63970df93a24e23846c0af1ce\">\n.avia-image-container.av-lfi33k5k-818b58e63970df93a24e23846c0af1ce img.avia_image{\nbox-shadow:none;\n}\n.avia-image-container.av-lfi33k5k-818b58e63970df93a24e23846c0af1ce .av-image-caption-overlay-center{\ncolor:#ffffff;\n}\n<\/style>\n<div  class='avia-image-container av-lfi33k5k-818b58e63970df93a24e23846c0af1ce av-styling- avia-align-center  avia-builder-el-4  avia-builder-el-no-sibling '   itemprop=\"image\" itemscope=\"itemscope\" itemtype=\"https:\/\/schema.org\/ImageObject\" ><div class=\"avia-image-container-inner\"><div class=\"avia-image-overlay-wrap\"><a href=\"https:\/\/www.staehle-robots.com\/\" class='avia_image' target=\"_blank\" rel=\"noopener noreferrer\"><img decoding=\"async\" class='wp-image-1587 avia-img-lazy-loading-not-1587 avia_image ' src=\"https:\/\/messtechnik-in-bewegung.de\/wp-content\/uploads\/2023\/03\/Staehle_Logo-600x400-1-300x201.jpg\" alt='Messtechnik in Bewegung | 04.05.2023 | DTC M\u00fcnchen | ADAC | Logo St\u00e4hle' title='St\u00e4hle_Logo 600x400'  height=\"201\" width=\"300\"  itemprop=\"thumbnailUrl\" srcset=\"https:\/\/messtechnik-in-bewegung.de\/wp-content\/uploads\/2023\/03\/Staehle_Logo-600x400-1-300x201.jpg 300w, https:\/\/messtechnik-in-bewegung.de\/wp-content\/uploads\/2023\/03\/Staehle_Logo-600x400-1.jpg 600w\" sizes=\"(max-width: 300px) 100vw, 300px\" \/><\/a><\/div><\/div><\/div><\/div>\n<div class='flex_column av-39qptj-0a8ef3c144f3e22d689b9d6f76db4a2f av_two_fifth  avia-builder-el-5  el_after_av_one_fourth  avia-builder-el-last  flex_column_div column-top-margin'     ><section  class='av_textblock_section av-lfi35yqj-b7b8d3e437e554943fcaf8b28663015d'  itemscope=\"itemscope\" itemtype=\"https:\/\/schema.org\/CreativeWork\" ><div class='avia_textblock'  itemprop=\"text\" ><p><strong><span style=\"color: #cb1518;\">St\u00e4hle GmbH<\/span><\/strong><br \/>\nMaybachstra\u00dfe 12<br \/>\n71299 Wimsheim<\/p>\n<p><a href=\"https:\/\/www.staehle-robots.com\/\">www.stahle.com<\/a><\/p>\n<\/div><\/section><\/div>\n","protected":false},"excerpt":{"rendered":"","protected":false},"author":2,"featured_media":0,"parent":2645,"menu_order":290,"comment_status":"closed","ping_status":"closed","template":"","meta":{"footnotes":""},"class_list":["post-1600","page","type-page","status-publish","hentry"],"yoast_head":"<!-- This site is optimized with the Yoast SEO plugin v27.2 - https:\/\/yoast.com\/product\/yoast-seo-wordpress\/ -->\n<title>St\u00e4hle | Exhibitor | Messtechnik in Bewegung | DTC<\/title>\n<meta name=\"description\" content=\"Autonomous driving \u2713 Exhibition \u2713 ADAS \u2713 St\u00e4hle \u2713 DTC Navigation \u2713 ADAC Testzentrum \u2713 Messtechnik in Bewegung \u260e 089 125 03 09 0\" \/>\n<meta name=\"robots\" content=\"index, follow, max-snippet:-1, max-image-preview:large, max-video-preview:-1\" \/>\n<link rel=\"canonical\" href=\"https:\/\/messtechnik-in-bewegung.de\/en\/exhibitors-2026\/staehle\/\" \/>\n<meta property=\"og:locale\" content=\"en_US\" \/>\n<meta property=\"og:type\" content=\"article\" \/>\n<meta property=\"og:title\" content=\"St\u00e4hle | Exhibitor | Messtechnik in Bewegung | DTC\" \/>\n<meta property=\"og:description\" content=\"Autonomous driving \u2713 Exhibition \u2713 ADAS \u2713 St\u00e4hle \u2713 DTC Navigation \u2713 ADAC Testzentrum \u2713 Messtechnik in Bewegung \u260e 089 125 03 09 0\" \/>\n<meta property=\"og:url\" content=\"https:\/\/messtechnik-in-bewegung.de\/en\/exhibitors-2026\/staehle\/\" \/>\n<meta property=\"og:site_name\" content=\"Messtechnik in Bewegung\" \/>\n<meta property=\"article:modified_time\" content=\"2026-02-10T07:47:03+00:00\" \/>\n<meta name=\"twitter:card\" content=\"summary_large_image\" \/>\n<meta name=\"twitter:label1\" content=\"Est. reading time\" \/>\n\t<meta name=\"twitter:data1\" content=\"2 minutes\" \/>\n<script type=\"application\/ld+json\" class=\"yoast-schema-graph\">{\"@context\":\"https:\/\/schema.org\",\"@graph\":[{\"@type\":\"WebPage\",\"@id\":\"https:\/\/messtechnik-in-bewegung.de\/en\/exhibitors-2026\/staehle\/\",\"url\":\"https:\/\/messtechnik-in-bewegung.de\/en\/exhibitors-2026\/staehle\/\",\"name\":\"St\u00e4hle | Exhibitor | Messtechnik in Bewegung | DTC\",\"isPartOf\":{\"@id\":\"https:\/\/messtechnik-in-bewegung.de\/en\/#website\"},\"datePublished\":\"2023-03-21T10:01:57+00:00\",\"dateModified\":\"2026-02-10T07:47:03+00:00\",\"description\":\"Autonomous driving \u2713 Exhibition \u2713 ADAS \u2713 St\u00e4hle \u2713 DTC Navigation \u2713 ADAC Testzentrum \u2713 Messtechnik in Bewegung \u260e 089 125 03 09 0\",\"breadcrumb\":{\"@id\":\"https:\/\/messtechnik-in-bewegung.de\/en\/exhibitors-2026\/staehle\/#breadcrumb\"},\"inLanguage\":\"en-US\",\"potentialAction\":[{\"@type\":\"ReadAction\",\"target\":[\"https:\/\/messtechnik-in-bewegung.de\/en\/exhibitors-2026\/staehle\/\"]}]},{\"@type\":\"BreadcrumbList\",\"@id\":\"https:\/\/messtechnik-in-bewegung.de\/en\/exhibitors-2026\/staehle\/#breadcrumb\",\"itemListElement\":[{\"@type\":\"ListItem\",\"position\":1,\"name\":\"Startseite\",\"item\":\"https:\/\/messtechnik-in-bewegung.de\/en\/\"},{\"@type\":\"ListItem\",\"position\":2,\"name\":\"Exhibitors 2026\",\"item\":\"https:\/\/messtechnik-in-bewegung.de\/en\/exhibitors-2026\/\"},{\"@type\":\"ListItem\",\"position\":3,\"name\":\"St\u00e4hle GmbH\"}]},{\"@type\":\"WebSite\",\"@id\":\"https:\/\/messtechnik-in-bewegung.de\/en\/#website\",\"url\":\"https:\/\/messtechnik-in-bewegung.de\/en\/\",\"name\":\"Messtechnik in Bewegung\",\"description\":\"\",\"potentialAction\":[{\"@type\":\"SearchAction\",\"target\":{\"@type\":\"EntryPoint\",\"urlTemplate\":\"https:\/\/messtechnik-in-bewegung.de\/en\/?s={search_term_string}\"},\"query-input\":{\"@type\":\"PropertyValueSpecification\",\"valueRequired\":true,\"valueName\":\"search_term_string\"}}],\"inLanguage\":\"en-US\"}]}<\/script>\n<!-- \/ Yoast SEO plugin. -->","yoast_head_json":{"title":"St\u00e4hle | Exhibitor | Messtechnik in Bewegung | DTC","description":"Autonomous driving \u2713 Exhibition \u2713 ADAS \u2713 St\u00e4hle \u2713 DTC Navigation \u2713 ADAC Testzentrum \u2713 Messtechnik in Bewegung \u260e 089 125 03 09 0","robots":{"index":"index","follow":"follow","max-snippet":"max-snippet:-1","max-image-preview":"max-image-preview:large","max-video-preview":"max-video-preview:-1"},"canonical":"https:\/\/messtechnik-in-bewegung.de\/en\/exhibitors-2026\/staehle\/","og_locale":"en_US","og_type":"article","og_title":"St\u00e4hle | Exhibitor | Messtechnik in Bewegung | DTC","og_description":"Autonomous driving \u2713 Exhibition \u2713 ADAS \u2713 St\u00e4hle \u2713 DTC Navigation \u2713 ADAC Testzentrum \u2713 Messtechnik in Bewegung \u260e 089 125 03 09 0","og_url":"https:\/\/messtechnik-in-bewegung.de\/en\/exhibitors-2026\/staehle\/","og_site_name":"Messtechnik in Bewegung","article_modified_time":"2026-02-10T07:47:03+00:00","twitter_card":"summary_large_image","twitter_misc":{"Est. reading time":"2 minutes"},"schema":{"@context":"https:\/\/schema.org","@graph":[{"@type":"WebPage","@id":"https:\/\/messtechnik-in-bewegung.de\/en\/exhibitors-2026\/staehle\/","url":"https:\/\/messtechnik-in-bewegung.de\/en\/exhibitors-2026\/staehle\/","name":"St\u00e4hle | Exhibitor | Messtechnik in Bewegung | DTC","isPartOf":{"@id":"https:\/\/messtechnik-in-bewegung.de\/en\/#website"},"datePublished":"2023-03-21T10:01:57+00:00","dateModified":"2026-02-10T07:47:03+00:00","description":"Autonomous driving \u2713 Exhibition \u2713 ADAS \u2713 St\u00e4hle \u2713 DTC Navigation \u2713 ADAC Testzentrum \u2713 Messtechnik in Bewegung \u260e 089 125 03 09 0","breadcrumb":{"@id":"https:\/\/messtechnik-in-bewegung.de\/en\/exhibitors-2026\/staehle\/#breadcrumb"},"inLanguage":"en-US","potentialAction":[{"@type":"ReadAction","target":["https:\/\/messtechnik-in-bewegung.de\/en\/exhibitors-2026\/staehle\/"]}]},{"@type":"BreadcrumbList","@id":"https:\/\/messtechnik-in-bewegung.de\/en\/exhibitors-2026\/staehle\/#breadcrumb","itemListElement":[{"@type":"ListItem","position":1,"name":"Startseite","item":"https:\/\/messtechnik-in-bewegung.de\/en\/"},{"@type":"ListItem","position":2,"name":"Exhibitors 2026","item":"https:\/\/messtechnik-in-bewegung.de\/en\/exhibitors-2026\/"},{"@type":"ListItem","position":3,"name":"St\u00e4hle GmbH"}]},{"@type":"WebSite","@id":"https:\/\/messtechnik-in-bewegung.de\/en\/#website","url":"https:\/\/messtechnik-in-bewegung.de\/en\/","name":"Messtechnik in Bewegung","description":"","potentialAction":[{"@type":"SearchAction","target":{"@type":"EntryPoint","urlTemplate":"https:\/\/messtechnik-in-bewegung.de\/en\/?s={search_term_string}"},"query-input":{"@type":"PropertyValueSpecification","valueRequired":true,"valueName":"search_term_string"}}],"inLanguage":"en-US"}]}},"_links":{"self":[{"href":"https:\/\/messtechnik-in-bewegung.de\/en\/wp-json\/wp\/v2\/pages\/1600","targetHints":{"allow":["GET"]}}],"collection":[{"href":"https:\/\/messtechnik-in-bewegung.de\/en\/wp-json\/wp\/v2\/pages"}],"about":[{"href":"https:\/\/messtechnik-in-bewegung.de\/en\/wp-json\/wp\/v2\/types\/page"}],"author":[{"embeddable":true,"href":"https:\/\/messtechnik-in-bewegung.de\/en\/wp-json\/wp\/v2\/users\/2"}],"replies":[{"embeddable":true,"href":"https:\/\/messtechnik-in-bewegung.de\/en\/wp-json\/wp\/v2\/comments?post=1600"}],"version-history":[{"count":11,"href":"https:\/\/messtechnik-in-bewegung.de\/en\/wp-json\/wp\/v2\/pages\/1600\/revisions"}],"predecessor-version":[{"id":3295,"href":"https:\/\/messtechnik-in-bewegung.de\/en\/wp-json\/wp\/v2\/pages\/1600\/revisions\/3295"}],"up":[{"embeddable":true,"href":"https:\/\/messtechnik-in-bewegung.de\/en\/wp-json\/wp\/v2\/pages\/2645"}],"wp:attachment":[{"href":"https:\/\/messtechnik-in-bewegung.de\/en\/wp-json\/wp\/v2\/media?parent=1600"}],"curies":[{"name":"wp","href":"https:\/\/api.w.org\/{rel}","templated":true}]}}