{"id":3565,"date":"2026-03-08T16:43:38","date_gmt":"2026-03-08T15:43:38","guid":{"rendered":"https:\/\/messtechnik-in-bewegung.de\/?page_id=3565"},"modified":"2026-03-11T15:17:15","modified_gmt":"2026-03-11T14:17:15","slug":"tuev-sued-auto-service","status":"publish","type":"page","link":"https:\/\/messtechnik-in-bewegung.de\/en\/exhibitors-2026\/tuev-sued-auto-service\/","title":{"rendered":"T\u00dcV S\u00dcD Auto Service GmbH"},"content":{"rendered":"\n<style type=\"text\/css\" data-created_by=\"avia_inline_auto\" id=\"style-css-av-mmhx9ehm-75c32bfefb1988eb9c73e0d5590a37f2\">\n#top .av-special-heading.av-mmhx9ehm-75c32bfefb1988eb9c73e0d5590a37f2{\npadding-bottom:10px;\ncolor:#cb1518;\n}\nbody .av-special-heading.av-mmhx9ehm-75c32bfefb1988eb9c73e0d5590a37f2 .av-special-heading-tag .heading-char{\nfont-size:25px;\n}\n.av-special-heading.av-mmhx9ehm-75c32bfefb1988eb9c73e0d5590a37f2 .special-heading-inner-border{\nborder-color:#cb1518;\n}\n.av-special-heading.av-mmhx9ehm-75c32bfefb1988eb9c73e0d5590a37f2 .av-subheading{\nfont-size:15px;\n}\n<\/style>\n<div  class='av-special-heading av-mmhx9ehm-75c32bfefb1988eb9c73e0d5590a37f2 av-special-heading-h1 custom-color-heading blockquote modern-quote  avia-builder-el-0  el_before_av_textblock  avia-builder-el-first '><h1 class='av-special-heading-tag'  itemprop=\"headline\"  >T\u00dcV S\u00dcD Auto Service GmbH<\/h1><div class=\"special-heading-border\"><div class=\"special-heading-inner-border\"><\/div><\/div><\/div>\n<section  class='av_textblock_section av-8rg671-139be29d4a6763f28269178f658016bb'  itemscope=\"itemscope\" itemtype=\"https:\/\/schema.org\/CreativeWork\" ><div class='avia_textblock'  itemprop=\"text\" ><p>We know a car long before it gets its number plates.<\/p>\n<p>Thinking ahead. Driving progress. We are your innovative service provider and neutral partner for product and process improvement in the automotive industry. Our employees contribute technical progress and the latest expert knowledge worldwide to ensure that future vehicle technologies \u2013 including alternative drive systems \u2013 go into series production safely. Exhaust gas laboratory, characterisation and testing of tyres, active safety, functional\/electrical\/chemical safety, including alternative drive systems, fuel tank laboratory, road restraint systems \u2013 we advise, test and certify so that you can drive safely in every situation.<\/p>\n<\/div><\/section>\n<div class='flex_column av-7kmgnh-f48170b5162acb95f7de0639164dc08c av_one_fourth  avia-builder-el-2  el_after_av_textblock  el_before_av_two_fifth  first flex_column_div column-top-margin'     ><style type=\"text\/css\" data-created_by=\"avia_inline_auto\" id=\"style-css-av-6m3qzx-94968effe9a0e1cf407dd252d4b4567b\">\n.avia-image-container.av-6m3qzx-94968effe9a0e1cf407dd252d4b4567b img.avia_image{\nbox-shadow:none;\n}\n.avia-image-container.av-6m3qzx-94968effe9a0e1cf407dd252d4b4567b .av-image-caption-overlay-center{\ncolor:#ffffff;\n}\n<\/style>\n<div  class='avia-image-container av-6m3qzx-94968effe9a0e1cf407dd252d4b4567b av-styling- avia-align-center  avia-builder-el-3  avia-builder-el-no-sibling '   itemprop=\"image\" itemscope=\"itemscope\" itemtype=\"https:\/\/schema.org\/ImageObject\" ><div class=\"avia-image-container-inner\"><div class=\"avia-image-overlay-wrap\"><a href=\"https:\/\/www.tuvsud.com\/de-de\/ueber-uns\/unsere-gesellschaften\/geschaeftsbereich-mobilitaet\/informationen-zur-tuev-sued-auto-service-gmbh\" class='avia_image' target=\"_blank\" rel=\"noopener noreferrer\"><img decoding=\"async\" class='wp-image-3593 avia-img-lazy-loading-not-3593 avia_image ' src=\"https:\/\/messtechnik-in-bewegung.de\/wp-content\/uploads\/2026\/03\/Logo-TUeV-Sued-final-180-x-120-px.jpg\" alt='Messtechnik in Bewegung | DTC M\u00fcnchen | ADAC | Logo T\u00dcV S\u00fcd f\u00fcr Unternehmensseite' title='Logo T\u00dcV S\u00fcd final (180 x 120 px)'  height=\"120\" width=\"180\"  itemprop=\"thumbnailUrl\"  \/><\/a><\/div><\/div><\/div><\/div><div class='flex_column av-3hntot-28b843990a0e464ab289323f2a632461 av_two_fifth  avia-builder-el-4  el_after_av_one_fourth  avia-builder-el-last  flex_column_div column-top-margin'     ><section  class='av_textblock_section av-2n9n99-0589308f1c3b7caa7e73e8d0de7f3714'  itemscope=\"itemscope\" itemtype=\"https:\/\/schema.org\/CreativeWork\" ><div class='avia_textblock'  itemprop=\"text\" ><p><strong><span style=\"color: #cb1518;\">T\u00dcV S\u00fcd Auto Service GmbH<\/span><\/strong><br \/>\nWestendstrasse 199<br \/>\n80686 M\u00fcnchen<\/p>\n<p><a href=\"https:\/\/www.tuvsud.com\/de-de\/ueber-uns\/unsere-gesellschaften\/geschaeftsbereich-mobilitaet\/informationen-zur-tuev-sued-auto-service-gmbh\" target=\"_blank\" rel=\"noopener\">www.tuvsud.com<\/a><\/p>\n<\/div><\/section><\/div><\/p>\n","protected":false},"excerpt":{"rendered":"","protected":false},"author":2,"featured_media":0,"parent":2645,"menu_order":295,"comment_status":"closed","ping_status":"closed","template":"","meta":{"footnotes":""},"class_list":["post-3565","page","type-page","status-publish","hentry"],"yoast_head":"<!-- This site is optimized with the Yoast SEO plugin v27.2 - https:\/\/yoast.com\/product\/yoast-seo-wordpress\/ -->\n<title>T\u00dcV S\u00fcd Auto Service | Exhibitor | Messtechnik in Bewegung<\/title>\n<meta name=\"description\" content=\"Autonomous driving \u2713 Exhibition \u2713 ADAS \u2713 T\u00dcV S\u00fcd Auto Service \u2713 DTC Navigation \u2713 ADAC Testzentrum \u2713 Messtechnik in Bewegung \u260e 089 125 03 09 0\" \/>\n<meta name=\"robots\" content=\"index, follow, max-snippet:-1, max-image-preview:large, max-video-preview:-1\" \/>\n<link rel=\"canonical\" href=\"https:\/\/messtechnik-in-bewegung.de\/en\/exhibitors-2026\/tuev-sued-auto-service\/\" \/>\n<meta property=\"og:locale\" content=\"en_US\" \/>\n<meta property=\"og:type\" content=\"article\" \/>\n<meta property=\"og:title\" content=\"T\u00dcV S\u00fcd Auto Service | Exhibitor | Messtechnik in Bewegung\" \/>\n<meta property=\"og:description\" content=\"Autonomous driving \u2713 Exhibition \u2713 ADAS \u2713 T\u00dcV S\u00fcd Auto Service \u2713 DTC Navigation \u2713 ADAC Testzentrum \u2713 Messtechnik in Bewegung \u260e 089 125 03 09 0\" \/>\n<meta property=\"og:url\" content=\"https:\/\/messtechnik-in-bewegung.de\/en\/exhibitors-2026\/tuev-sued-auto-service\/\" \/>\n<meta property=\"og:site_name\" content=\"Messtechnik in Bewegung\" \/>\n<meta property=\"article:modified_time\" content=\"2026-03-11T14:17:15+00:00\" \/>\n<meta name=\"twitter:card\" content=\"summary_large_image\" \/>\n<meta name=\"twitter:label1\" content=\"Est. reading time\" \/>\n\t<meta name=\"twitter:data1\" content=\"1 minute\" \/>\n<script type=\"application\/ld+json\" class=\"yoast-schema-graph\">{\"@context\":\"https:\/\/schema.org\",\"@graph\":[{\"@type\":\"WebPage\",\"@id\":\"https:\/\/messtechnik-in-bewegung.de\/en\/exhibitors-2026\/tuev-sued-auto-service\/\",\"url\":\"https:\/\/messtechnik-in-bewegung.de\/en\/exhibitors-2026\/tuev-sued-auto-service\/\",\"name\":\"T\u00dcV S\u00fcd Auto Service | Exhibitor | Messtechnik in Bewegung\",\"isPartOf\":{\"@id\":\"https:\/\/messtechnik-in-bewegung.de\/en\/#website\"},\"datePublished\":\"2026-03-08T15:43:38+00:00\",\"dateModified\":\"2026-03-11T14:17:15+00:00\",\"description\":\"Autonomous driving \u2713 Exhibition \u2713 ADAS \u2713 T\u00dcV S\u00fcd Auto Service \u2713 DTC Navigation \u2713 ADAC Testzentrum \u2713 Messtechnik in Bewegung \u260e 089 125 03 09 0\",\"breadcrumb\":{\"@id\":\"https:\/\/messtechnik-in-bewegung.de\/en\/exhibitors-2026\/tuev-sued-auto-service\/#breadcrumb\"},\"inLanguage\":\"en-US\",\"potentialAction\":[{\"@type\":\"ReadAction\",\"target\":[\"https:\/\/messtechnik-in-bewegung.de\/en\/exhibitors-2026\/tuev-sued-auto-service\/\"]}]},{\"@type\":\"BreadcrumbList\",\"@id\":\"https:\/\/messtechnik-in-bewegung.de\/en\/exhibitors-2026\/tuev-sued-auto-service\/#breadcrumb\",\"itemListElement\":[{\"@type\":\"ListItem\",\"position\":1,\"name\":\"Startseite\",\"item\":\"https:\/\/messtechnik-in-bewegung.de\/en\/\"},{\"@type\":\"ListItem\",\"position\":2,\"name\":\"Exhibitors 2026\",\"item\":\"https:\/\/messtechnik-in-bewegung.de\/en\/exhibitors-2026\/\"},{\"@type\":\"ListItem\",\"position\":3,\"name\":\"T\u00dcV S\u00dcD Auto Service GmbH\"}]},{\"@type\":\"WebSite\",\"@id\":\"https:\/\/messtechnik-in-bewegung.de\/en\/#website\",\"url\":\"https:\/\/messtechnik-in-bewegung.de\/en\/\",\"name\":\"Messtechnik in Bewegung\",\"description\":\"\",\"potentialAction\":[{\"@type\":\"SearchAction\",\"target\":{\"@type\":\"EntryPoint\",\"urlTemplate\":\"https:\/\/messtechnik-in-bewegung.de\/en\/?s={search_term_string}\"},\"query-input\":{\"@type\":\"PropertyValueSpecification\",\"valueRequired\":true,\"valueName\":\"search_term_string\"}}],\"inLanguage\":\"en-US\"}]}<\/script>\n<!-- \/ Yoast SEO plugin. -->","yoast_head_json":{"title":"T\u00dcV S\u00fcd Auto Service | Exhibitor | Messtechnik in Bewegung","description":"Autonomous driving \u2713 Exhibition \u2713 ADAS \u2713 T\u00dcV S\u00fcd Auto Service \u2713 DTC Navigation \u2713 ADAC Testzentrum \u2713 Messtechnik in Bewegung \u260e 089 125 03 09 0","robots":{"index":"index","follow":"follow","max-snippet":"max-snippet:-1","max-image-preview":"max-image-preview:large","max-video-preview":"max-video-preview:-1"},"canonical":"https:\/\/messtechnik-in-bewegung.de\/en\/exhibitors-2026\/tuev-sued-auto-service\/","og_locale":"en_US","og_type":"article","og_title":"T\u00dcV S\u00fcd Auto Service | Exhibitor | Messtechnik in Bewegung","og_description":"Autonomous driving \u2713 Exhibition \u2713 ADAS \u2713 T\u00dcV S\u00fcd Auto Service \u2713 DTC Navigation \u2713 ADAC Testzentrum \u2713 Messtechnik in Bewegung \u260e 089 125 03 09 0","og_url":"https:\/\/messtechnik-in-bewegung.de\/en\/exhibitors-2026\/tuev-sued-auto-service\/","og_site_name":"Messtechnik in Bewegung","article_modified_time":"2026-03-11T14:17:15+00:00","twitter_card":"summary_large_image","twitter_misc":{"Est. reading time":"1 minute"},"schema":{"@context":"https:\/\/schema.org","@graph":[{"@type":"WebPage","@id":"https:\/\/messtechnik-in-bewegung.de\/en\/exhibitors-2026\/tuev-sued-auto-service\/","url":"https:\/\/messtechnik-in-bewegung.de\/en\/exhibitors-2026\/tuev-sued-auto-service\/","name":"T\u00dcV S\u00fcd Auto Service | Exhibitor | Messtechnik in Bewegung","isPartOf":{"@id":"https:\/\/messtechnik-in-bewegung.de\/en\/#website"},"datePublished":"2026-03-08T15:43:38+00:00","dateModified":"2026-03-11T14:17:15+00:00","description":"Autonomous driving \u2713 Exhibition \u2713 ADAS \u2713 T\u00dcV S\u00fcd Auto Service \u2713 DTC Navigation \u2713 ADAC Testzentrum \u2713 Messtechnik in Bewegung \u260e 089 125 03 09 0","breadcrumb":{"@id":"https:\/\/messtechnik-in-bewegung.de\/en\/exhibitors-2026\/tuev-sued-auto-service\/#breadcrumb"},"inLanguage":"en-US","potentialAction":[{"@type":"ReadAction","target":["https:\/\/messtechnik-in-bewegung.de\/en\/exhibitors-2026\/tuev-sued-auto-service\/"]}]},{"@type":"BreadcrumbList","@id":"https:\/\/messtechnik-in-bewegung.de\/en\/exhibitors-2026\/tuev-sued-auto-service\/#breadcrumb","itemListElement":[{"@type":"ListItem","position":1,"name":"Startseite","item":"https:\/\/messtechnik-in-bewegung.de\/en\/"},{"@type":"ListItem","position":2,"name":"Exhibitors 2026","item":"https:\/\/messtechnik-in-bewegung.de\/en\/exhibitors-2026\/"},{"@type":"ListItem","position":3,"name":"T\u00dcV S\u00dcD Auto Service GmbH"}]},{"@type":"WebSite","@id":"https:\/\/messtechnik-in-bewegung.de\/en\/#website","url":"https:\/\/messtechnik-in-bewegung.de\/en\/","name":"Messtechnik in Bewegung","description":"","potentialAction":[{"@type":"SearchAction","target":{"@type":"EntryPoint","urlTemplate":"https:\/\/messtechnik-in-bewegung.de\/en\/?s={search_term_string}"},"query-input":{"@type":"PropertyValueSpecification","valueRequired":true,"valueName":"search_term_string"}}],"inLanguage":"en-US"}]}},"_links":{"self":[{"href":"https:\/\/messtechnik-in-bewegung.de\/en\/wp-json\/wp\/v2\/pages\/3565","targetHints":{"allow":["GET"]}}],"collection":[{"href":"https:\/\/messtechnik-in-bewegung.de\/en\/wp-json\/wp\/v2\/pages"}],"about":[{"href":"https:\/\/messtechnik-in-bewegung.de\/en\/wp-json\/wp\/v2\/types\/page"}],"author":[{"embeddable":true,"href":"https:\/\/messtechnik-in-bewegung.de\/en\/wp-json\/wp\/v2\/users\/2"}],"replies":[{"embeddable":true,"href":"https:\/\/messtechnik-in-bewegung.de\/en\/wp-json\/wp\/v2\/comments?post=3565"}],"version-history":[{"count":4,"href":"https:\/\/messtechnik-in-bewegung.de\/en\/wp-json\/wp\/v2\/pages\/3565\/revisions"}],"predecessor-version":[{"id":3600,"href":"https:\/\/messtechnik-in-bewegung.de\/en\/wp-json\/wp\/v2\/pages\/3565\/revisions\/3600"}],"up":[{"embeddable":true,"href":"https:\/\/messtechnik-in-bewegung.de\/en\/wp-json\/wp\/v2\/pages\/2645"}],"wp:attachment":[{"href":"https:\/\/messtechnik-in-bewegung.de\/en\/wp-json\/wp\/v2\/media?parent=3565"}],"curies":[{"name":"wp","href":"https:\/\/api.w.org\/{rel}","templated":true}]}}